{"id":112,"date":"2016-06-12T23:15:19","date_gmt":"2016-06-12T23:15:19","guid":{"rendered":"https:\/\/generics21.com\/?page_id=112"},"modified":"2018-04-26T19:29:34","modified_gmt":"2018-04-26T19:29:34","slug":"how-to","status":"publish","type":"page","link":"https:\/\/generics21.com\/es\/how-to\/","title":{"rendered":"\u00bfC\u00f3mo hacer un Pedido?"},"content":{"rendered":"<p><\/p>\n<div class=\"step one row\">\n<div class=\"image large-4 medium-4 columns text-center\"><img decoding=\"async\" src=\"\/wp-content\/themes\/store21\/resources\/images\/how-to-order\/1.png\" alt=\"Categorias de Medicamentos\" \/><\/div>\n<div class=\"desc large-8 medium-8 columns\">\n<h3>Selecciona las categor\u00edas de productos que tienes a la izquierda<\/h3>\n<p>O simplemente has una b\u00fasqueda usando el buscador que tienes un poco m\u00e1s arriba. Ten en cuenta que si est\u00e1s usando un smartphone o una tablet el men\u00fa de opci\u00f3nes y b\u00fasqueda estar\u00e1n en la parte superior de nuestra p\u00e1gina.<\/p>\n<\/div>\n<\/div>\n<div class=\"step two row\">\n<div class=\"image large-4 medium-4 columns text-center\"><img decoding=\"async\" src=\"\/wp-content\/themes\/store21\/resources\/images\/how-to-order\/2.png\" alt=\"Cantidad de Pastillas\" \/><\/div>\n<div class=\"desc large-8 medium-8 columns\">\n<h3>Selecciona  el producto y la cantidad que deseas comprar<\/h3>\n<p>Y luego a\u00f1ade el producto al carrito de compras haciendo click en \u00abAdd to Cart\u00bb.<\/p>\n<\/div>\n<\/div>\n<div class=\"step three row\">\n<div class=\"image large-4 medium-4 columns text-center\"><img decoding=\"async\" src=\"\/wp-content\/themes\/store21\/resources\/images\/how-to-order\/3.png\" alt=\"Comprar Medicamentos\" \/><\/div>\n<div class=\"desc large-8 medium-8 columns\">\n<h3>Luego se desplegar\u00e1 el carro de compras<\/h3>\n<p>All\u00ed puedes seleccionar \u201cCheckout now\u201d (para finalizar el pedido) o \u201cContinue Shopping\u201d (para continuar navegando en nuestro sitio).<\/p>\n<\/div>\n<\/div>\n<div class=\"step four row\">\n<div class=\"image large-4 medium-4 columns text-center\"><img decoding=\"async\" src=\"\/wp-content\/themes\/store21\/resources\/images\/how-to-order\/4.png\" alt=\"Finalizar la Compra de Medicamentos\" \/><\/div>\n<div class=\"desc large-8 medium-8 columns\">\n<h3>Finalizar la compra<\/h3>\n<p>Si seleccionaste \u201cCheckout now\u201d deber\u00e1s completar el formulario para finalizar el pedido. Deber\u00e1s proporcionar informaci\u00f3n c\u00f3mo la direcci\u00f3n de env\u00edo, formas de pago, cupones de descuento (en caso de que tengas), etc.<br \/>\nUna vez finalizado el pedido nosotros nos pondremos en contacto v\u00eda email para hacerte llegar las actualizaciones de tu compra.<\/p>\n<\/div>\n<\/div>\n<p><\/p>","protected":false},"excerpt":{"rendered":"<p>Selecciona las categor\u00edas de productos que tienes a la izquierda O simplemente has una b\u00fasqueda usando el buscador que tienes un poco m\u00e1s arriba. Ten en cuenta que si est\u00e1s usando un smartphone o una tablet el men\u00fa de opci\u00f3nes y b\u00fasqueda estar\u00e1n en la parte superior de nuestra p\u00e1gina. Selecciona el producto y la [&hellip;]<\/p>\n","protected":false},"author":1,"featured_media":0,"parent":0,"menu_order":0,"comment_status":"closed","ping_status":"closed","template":"page-how-to.php","meta":{"_acf_changed":false,"footnotes":""},"class_list":["post-112","page","type-page","status-publish","hentry"],"acf":[],"aioseo_notices":[],"_links":{"self":[{"href":"https:\/\/generics21.com\/es\/wp-json\/wp\/v2\/pages\/112"}],"collection":[{"href":"https:\/\/generics21.com\/es\/wp-json\/wp\/v2\/pages"}],"about":[{"href":"https:\/\/generics21.com\/es\/wp-json\/wp\/v2\/types\/page"}],"author":[{"embeddable":true,"href":"https:\/\/generics21.com\/es\/wp-json\/wp\/v2\/users\/1"}],"replies":[{"embeddable":true,"href":"https:\/\/generics21.com\/es\/wp-json\/wp\/v2\/comments?post=112"}],"version-history":[{"count":9,"href":"https:\/\/generics21.com\/es\/wp-json\/wp\/v2\/pages\/112\/revisions"}],"predecessor-version":[{"id":1766,"href":"https:\/\/generics21.com\/es\/wp-json\/wp\/v2\/pages\/112\/revisions\/1766"}],"wp:attachment":[{"href":"https:\/\/generics21.com\/es\/wp-json\/wp\/v2\/media?parent=112"}],"curies":[{"name":"wp","href":"https:\/\/api.w.org\/{rel}","templated":true}]}}