{"id":1502,"date":"2017-10-17T21:58:16","date_gmt":"2017-10-17T21:58:16","guid":{"rendered":"https:\/\/v2.http:\/\/generics21.com\/?page_id=1502"},"modified":"2018-04-26T19:49:36","modified_gmt":"2018-04-26T19:49:36","slug":"pay-with-bitcoin","status":"publish","type":"page","link":"https:\/\/generics21.com\/es\/how-to\/pay-with-bitcoin\/","title":{"rendered":"\u00bfC\u00f3mo hacer una compra con Bitcoin?"},"content":{"rendered":"<p><\/p>\n<p>En este video vas a encontrar una gu\u00eda paso a paso para abrir una Cartera de Bitcoin GRATUITA con CoinBase, c\u00f3mo verificar tu cartera y comprar Bitcoin. Una vez tengas los Bitcoin en tu cartera podr\u00e1s comprar cualquiera de nuestros medicamentos con Bitcoin sin necesidad de tarjetas de cr\u00e9dito. <u>Las compras con Bitcoin son muy f\u00e1ciles y seguras!<\/u><\/p>\n<p>Para compenzar debes tener la cartera de Bitcoin. Las carteras que ofrece CoinBase son seguras y muy convenientes ya que permiten comprar Bitcoin de forma muy f\u00e1cil y r\u00e1pida. Puedes comprar Bitcoin en CoinBase con tu tarjeta de cr\u00e9dito o cuenta bancaria en su sitio web: <a href=\"https:\/\/coinbase.com\" target=\"_blank\" rel=\"no-follow\">coinbase.com<\/a> o con su App para <a href=\"https:\/\/play.google.com\/store\/apps\/details?id=com.coinbase.android&amp;hl=en\" target=\"_blank\" rel=\"no-follow\">Android<\/a> &amp; <a href=\"https:\/\/coinbase.com\" target=\"_blank\" rel=\"no-follow\">iPhone<\/a><\/p>\n<div class=\"video-container\"><iframe src=\"https:\/\/www.youtube.com\/embed\/MLJVXzoTxhQ\" frameborder=\"0\" allowfullscreen=\"allowfullscreen\"><\/iframe><\/div>\n<p><\/p>","protected":false},"excerpt":{"rendered":"<p>En este video vas a encontrar una gu\u00eda paso a paso para abrir una Cartera de Bitcoin GRATUITA con CoinBase, c\u00f3mo verificar tu cartera y comprar Bitcoin. Una vez tengas los Bitcoin en tu cartera podr\u00e1s comprar cualquiera de nuestros medicamentos con Bitcoin sin necesidad de tarjetas de cr\u00e9dito. Las compras con Bitcoin son muy [&hellip;]<\/p>\n","protected":false},"author":1,"featured_media":0,"parent":112,"menu_order":0,"comment_status":"closed","ping_status":"closed","template":"page-how-to.php","meta":{"_acf_changed":false,"footnotes":""},"class_list":["post-1502","page","type-page","status-publish","hentry"],"acf":[],"aioseo_notices":[],"_links":{"self":[{"href":"https:\/\/generics21.com\/es\/wp-json\/wp\/v2\/pages\/1502"}],"collection":[{"href":"https:\/\/generics21.com\/es\/wp-json\/wp\/v2\/pages"}],"about":[{"href":"https:\/\/generics21.com\/es\/wp-json\/wp\/v2\/types\/page"}],"author":[{"embeddable":true,"href":"https:\/\/generics21.com\/es\/wp-json\/wp\/v2\/users\/1"}],"replies":[{"embeddable":true,"href":"https:\/\/generics21.com\/es\/wp-json\/wp\/v2\/comments?post=1502"}],"version-history":[{"count":26,"href":"https:\/\/generics21.com\/es\/wp-json\/wp\/v2\/pages\/1502\/revisions"}],"predecessor-version":[{"id":1768,"href":"https:\/\/generics21.com\/es\/wp-json\/wp\/v2\/pages\/1502\/revisions\/1768"}],"up":[{"embeddable":true,"href":"https:\/\/generics21.com\/es\/wp-json\/wp\/v2\/pages\/112"}],"wp:attachment":[{"href":"https:\/\/generics21.com\/es\/wp-json\/wp\/v2\/media?parent=1502"}],"curies":[{"name":"wp","href":"https:\/\/api.w.org\/{rel}","templated":true}]}}